{"id":96,"date":"2012-02-27T15:24:48","date_gmt":"2012-02-27T15:24:48","guid":{"rendered":"https:\/\/www.lernerengineering.be\/?page_id=96"},"modified":"2020-08-27T16:31:52","modified_gmt":"2020-08-27T14:31:52","slug":"nederlands-specialist","status":"publish","type":"page","link":"https:\/\/www.lernerengineering.be\/fr\/","title":{"rendered":"La sp\u00e9cialit\u00e9"},"content":{"rendered":"<h1>La sous-traitance (projectsourcing), la sp\u00e9cialit\u00e9 de Lerner Engineering.<\/h1>\n<p>Lerner Engineering est une PME dynamique et <strong>ind\u00e9pendante<\/strong> sp\u00e9cialis\u00e9e en sous-traitance (<a title=\"Projectsourcing\" href=\"https:\/\/www.lernerengineering.be\/fr\/projectsourcing\/wat-is-projectsourcing\/\">projectsourcing<\/a>) pour des <strong>profils d\u2019ing\u00e9nierie<\/strong>. Lerner Engineering est un des pionniers dans ce domaine.<\/p>\n<p><strong>Jo Lerner<\/strong> a d\u00e9marr\u00e9 ses activit\u00e9s en 1987. Ing\u00e9nieur de formation, il conna\u00eet bien les r\u00e9alit\u00e9s et les attentes des candidats et des clients. Ainsi il peut assurer la meilleure ad\u00e9quation entre les deux.<\/p>\n<p>Plus de <strong>15 ans d\u2019exp\u00e9rience<\/strong> lui ont permis de d\u00e9velopper une expertise dans le domaine.<\/p>\n<p><strong>Connecting talent.<\/strong> C\u2019est le d\u00e9fi quotidien du monde de l\u2019entreprise.<\/p>\n","protected":false},"excerpt":{"rendered":"<p>La sous-traitance (projectsourcing), la sp\u00e9cialit\u00e9 de Lerner Engineering. Lerner Engineering est une PME dynamique et ind\u00e9pendante sp\u00e9cialis\u00e9e en sous-traitance (projectsourcing) pour des profils d\u2019ing\u00e9nierie. Lerner Engineering est un des pionniers dans ce domaine. Jo Lerner a d\u00e9marr\u00e9 ses activit\u00e9s en 1987. Ing\u00e9nieur de formation, il conna\u00eet bien les r\u00e9alit\u00e9s et les attentes des candidats et des clients. Ainsi il peut assurer la meilleure ad\u00e9quation entre les deux. Plus de 15 ans d\u2019exp\u00e9rience lui ont permis de d\u00e9velopper une expertise dans [&hellip;]<\/p>\n","protected":false},"author":3,"featured_media":0,"parent":2,"menu_order":1,"comment_status":"open","ping_status":"closed","template":"","meta":{"footnotes":""},"class_list":["post-96","page","type-page","status-publish","hentry"],"_links":{"self":[{"href":"https:\/\/www.lernerengineering.be\/fr\/wp-json\/wp\/v2\/pages\/96","targetHints":{"allow":["GET"]}}],"collection":[{"href":"https:\/\/www.lernerengineering.be\/fr\/wp-json\/wp\/v2\/pages"}],"about":[{"href":"https:\/\/www.lernerengineering.be\/fr\/wp-json\/wp\/v2\/types\/page"}],"author":[{"embeddable":true,"href":"https:\/\/www.lernerengineering.be\/fr\/wp-json\/wp\/v2\/users\/3"}],"replies":[{"embeddable":true,"href":"https:\/\/www.lernerengineering.be\/fr\/wp-json\/wp\/v2\/comments?post=96"}],"version-history":[{"count":5,"href":"https:\/\/www.lernerengineering.be\/fr\/wp-json\/wp\/v2\/pages\/96\/revisions"}],"predecessor-version":[{"id":1982,"href":"https:\/\/www.lernerengineering.be\/fr\/wp-json\/wp\/v2\/pages\/96\/revisions\/1982"}],"up":[{"embeddable":true,"href":"https:\/\/www.lernerengineering.be\/fr\/wp-json\/wp\/v2\/pages\/2"}],"wp:attachment":[{"href":"https:\/\/www.lernerengineering.be\/fr\/wp-json\/wp\/v2\/media?parent=96"}],"curies":[{"name":"wp","href":"https:\/\/api.w.org\/{rel}","templated":true}]}}