{"id":785,"date":"2012-05-09T14:12:23","date_gmt":"2012-05-09T12:12:23","guid":{"rendered":"https:\/\/www.lernerengineering.be\/?page_id=785"},"modified":"2012-08-10T12:11:57","modified_gmt":"2012-08-10T10:11:57","slug":"disclaimer","status":"publish","type":"page","link":"https:\/\/www.lernerengineering.be\/fr\/disclaimer\/","title":{"rendered":"Disclaimer"},"content":{"rendered":"<p>Disclaimer<\/p>\n<p>Les donn\u00e9es de ce site sont utilis\u00e9es \u00e0 des fins informatives et non commerciales. Leur utilisation rel\u00e8ve de la seule responsabilit\u00e9 de l\u2019utilisateur, et Lerner Engineering sprl ne pourrait \u00eatre tenu responsable des erreurs ou omissions \u00e9maillant les informations communiqu\u00e9es.<\/p>\n<p>Il est interdit \u00e0 l\u2019utilisateur de ce site de modifier, copier, distribuer, envoyer, diffuser, pr\u00e9senter de nouveau, reproduire, publier, donner sous licence, c\u00e9der ou vendre des informations obtenues sur ce site web, ou de cr\u00e9er des travaux \u00e0 partir des \u00e9l\u00e9ments en question, \u00e0 moins d\u2019en avoir re\u00e7u l\u2019autorisation formelle de Lerner Engineering sprl.<\/p>\n<p>La responsabilit\u00e9 de Lerner Engineering sprl ne peut en aucun cas \u00eatre engag\u00e9e, directement ou indirectement, envers qui que ce soit en cas de dommages imputables \u00e0 l\u2019utilisation de ce site web ou d\u2019un autre site, en particulier \u00e0 cause de liens ou d\u2019hyperliens, notamment en cas de pertes, d\u2019interruption de travail, de d\u00e9t\u00e9rioration de programmes ou d\u2019autres donn\u00e9es dans le syst\u00e8me informatique, de mat\u00e9riel, logiciels ou biens similaires appartenant \u00e0 l\u2019utilisateur. La pr\u00e9sence de liens vers d\u2019autres sites ne prend pas valeur d\u2019accord quant au contenu de ces sites, et Lerner Engineering sprl n\u2019est pas responsable de l\u2019utilisation des sites en question.<\/p>\n<p>Protection des donn\u00e9es \u00e0 caract\u00e8re personnel.<\/p>\n<p>Lerner Engineering sprl attache une grande importance au respect de votre vie priv\u00e9e. Les plupart des informations sont disponibles sans que des donn\u00e9es \u00e0 caract\u00e8re personnel ne doivent \u00eatre communiqu\u00e9es. Des informations personnelles peuvent cependant \u00eatre demand\u00e9es dans certains cas. Le cas \u00e9ch\u00e9ant, les donn\u00e9es sont trait\u00e9es conform\u00e9ment aux dispositions de la loi du 8 d\u00e9cembre 1992 relative \u00e0 la protection de la vie priv\u00e9e \u00e0 l&#8217;\u00e9gard des traitements de donn\u00e9es \u00e0 caract\u00e8re personnel. En l\u2019occurrence, Lerner Engineering sprl vous donne les garanties suivantes.<\/p>\n<ul>\n<li>Vos donn\u00e9es \u00e0 caract\u00e8re personnel ne sont collect\u00e9es et trait\u00e9es que pour vous fournir les informations que vous demandez ou pour prester en ligne les services que vous souhaitez.<\/li>\n<li>Le traitement de vos donn\u00e9es \u00e0 caract\u00e8re personnel reste limit\u00e9 \u00e0 l\u2019objectif vis\u00e9.<\/li>\n<li>Vous pouvez acc\u00e9der en permanence \u00e0 vos donn\u00e9es \u00e0 caract\u00e8re personnel et en v\u00e9rifier l\u2019exactitude. Vous pouvez faire corriger vos donn\u00e9es \u00e0 caract\u00e8re personnel en cas d\u2019erreur.<\/li>\n<li>Lerner Engineering sprl prend les mesures de s\u00e9curit\u00e9 les plus appropri\u00e9es afin d\u2019emp\u00eacher des tiers d\u2019utiliser abusivement vos donn\u00e9es \u00e0 caract\u00e8re personnel.<\/li>\n<\/ul>\n<p>Le site Web utilise des &#8220;cookies&#8221;. Il s\u2019agit de petits fichiers d\u2019informations qui sont enregistr\u00e9s automatiquement sur le disque dur de votre ordinateur. Ces informations sont renvoy\u00e9es \u00e0 l\u2019administrateur du site web lors de chaque visite et permettent de faciliter l\u2019acc\u00e8s au site, tout en rendant la navigation plus rapide et plus efficace.<\/p>\n","protected":false},"excerpt":{"rendered":"<p>Disclaimer Les donn\u00e9es de ce site sont utilis\u00e9es \u00e0 des fins informatives et non commerciales. Leur utilisation rel\u00e8ve de la seule responsabilit\u00e9 de l\u2019utilisateur, et Lerner Engineering sprl ne pourrait \u00eatre tenu responsable des erreurs ou omissions \u00e9maillant les informations communiqu\u00e9es. Il est interdit \u00e0 l\u2019utilisateur de ce site de modifier, copier, distribuer, envoyer, diffuser, pr\u00e9senter de nouveau, reproduire, publier, donner sous licence, c\u00e9der ou vendre des informations obtenues sur ce site web, ou de cr\u00e9er des travaux \u00e0 partir [&hellip;]<\/p>\n","protected":false},"author":3,"featured_media":0,"parent":0,"menu_order":0,"comment_status":"open","ping_status":"closed","template":"2-Columns-Reversed-No-Footer.php","meta":{"footnotes":""},"class_list":["post-785","page","type-page","status-publish","hentry"],"_links":{"self":[{"href":"https:\/\/www.lernerengineering.be\/fr\/wp-json\/wp\/v2\/pages\/785","targetHints":{"allow":["GET"]}}],"collection":[{"href":"https:\/\/www.lernerengineering.be\/fr\/wp-json\/wp\/v2\/pages"}],"about":[{"href":"https:\/\/www.lernerengineering.be\/fr\/wp-json\/wp\/v2\/types\/page"}],"author":[{"embeddable":true,"href":"https:\/\/www.lernerengineering.be\/fr\/wp-json\/wp\/v2\/users\/3"}],"replies":[{"embeddable":true,"href":"https:\/\/www.lernerengineering.be\/fr\/wp-json\/wp\/v2\/comments?post=785"}],"version-history":[{"count":0,"href":"https:\/\/www.lernerengineering.be\/fr\/wp-json\/wp\/v2\/pages\/785\/revisions"}],"wp:attachment":[{"href":"https:\/\/www.lernerengineering.be\/fr\/wp-json\/wp\/v2\/media?parent=785"}],"curies":[{"name":"wp","href":"https:\/\/api.w.org\/{rel}","templated":true}]}}