{"id":393,"date":"2012-03-08T13:38:42","date_gmt":"2012-03-08T13:38:42","guid":{"rendered":"https:\/\/www.lernerengineering.be\/en\/?page_id=393"},"modified":"2024-03-07T16:01:07","modified_gmt":"2024-03-07T15:01:07","slug":"co2-neutraliteit","status":"publish","type":"page","link":"https:\/\/www.lernerengineering.be\/fr\/co2-neutraliteit\/","title":{"rendered":"R\u00e9duction CO2"},"content":{"rendered":"<p>&nbsp;<\/p>\n<h1><strong>Lerner Engineering agit de mani\u00e8re durable<\/strong>\u00a0<strong>\u00a0<\/strong><\/h1>\n<p>Entreprendre de mani\u00e8re socialement responsable fait partie intrins\u00e8que de la strat\u00e9gie de base pour Jo Lerner. Une des cons\u00e9quences est que Lerner Engineering se veut \u00eatre une organisation sans impact climatique. L\u2019organisation <a href=\"http:\/\/www.co2logic.com\/fr\" target=\"_blank\" rel=\"noopener noreferrer\"><strong>CO2 Logic<\/strong><\/a> calcule notre impact climatologique. Grace \u00e0 notre contribution financi\u00e8re, <strong><a href=\"http:\/\/www.co2logic.com\/fr\" target=\"_blank\" rel=\"noopener noreferrer\">CO2 Logic<\/a><\/strong><strong>\u00a0<\/strong>compense nos \u00e9missions \u00e0 effet de serre via des projets technologiques dans les pays en voie de d\u00e9veloppement. Ces projets se r\u00e9alisent en partenariat avec des acteurs locaux et sont sous la supervision des Nations-Unies.<\/p>\n<h1>Qu&#8217;est-ce que la compensation CO2 ?<\/h1>\n<p>Le principe de la compensation volontaire des \u00e9missions de gaz \u00e0 effet de serre est compos\u00e9 essentiellement de trois \u00e9tapes :<\/p>\n<ul>\n<li>Un \u00ab pollueur \u00bb (particulier, organisation ou entreprise) r\u00e9alise un audit de ses \u00e9missions de gaz \u00e0 effet de serre. Pour les particuliers il s\u2019agit le plus souvent d\u2019une estimation avec un calculateur en ligne. Pour les organisations cela n\u00e9cessite un audit plus d\u00e9taill\u00e9, par exemple au moyen de la m\u00e9thode Bilan Carbone\u00ae d\u00e9velopp\u00e9e par l\u2019ADEME.<\/li>\n<li>Sur la base de ce premier bilan, le programme ou le consultant en services de \u00a0compensation peut d\u00e9j\u00e0 fournir des pistes de r\u00e9duction pour les \u00e9missions futures. Cette r\u00e9duction des \u00e9missions va souvent de pair avec un all\u00e8gement de la facture \u00e9nerg\u00e9tique vu la part consid\u00e9rable occup\u00e9e par les \u00e9missions fossiles dans nos \u00e9missions de dioxyde de carbone.<\/li>\n<li>Une fois les \u00e9missions calcul\u00e9es, le client des services de compensation contribue au financement de projets de r\u00e9duction en achetant des cr\u00e9dits de CO2 pour un volume \u00e9quivalant aux \u00e9missions de CO2 des activit\u00e9s, produits ou services de l\u2019entreprise.<\/li>\n<\/ul>\n<p><img loading=\"lazy\" decoding=\"async\" class=\"alignleft size-full wp-image-893\" title=\"image001\" src=\"https:\/\/www.lernerengineering.be\/wp-content\/uploads\/2012\/03\/image001.jpg\" alt=\"\" width=\"249\" height=\"142\" srcset=\"https:\/\/www.lernerengineering.be\/wp-content\/uploads\/2012\/03\/image001.jpg 249w, https:\/\/www.lernerengineering.be\/wp-content\/uploads\/2012\/03\/image001-244x140.jpg 244w\" sizes=\"auto, (max-width: 249px) 100vw, 249px\" \/> En agissant de la sorte, il compense pour ses \u00e9missions pass\u00e9es, l\u00e0 o\u00f9 des mesures de r\u00e9duction ne peuvent plus agir. Ces cr\u00e9dits de CO2 permettent le soutien de technologies propres dans les pays dits en d\u00e9veloppement (par exemple \u00e9nergie \u00e9olienne en Turquie). D\u2019un c\u00f4t\u00e9, le \u2018pollueur\u2019 a \u00e9mis des gaz \u00e0 effet de serre, de l\u2019autre il a contribu\u00e9 \u00e0 la destruction ou \u00e0 l\u2019\u00e9vitement d\u2019un volume d\u2019\u00e9mission comparable. Il a donc compens\u00e9. <strong> Pourquoi dans des pays en d\u00e9veloppement ?<\/strong> Le protocole de Kyoto a class\u00e9 les pays en deux groupes.\u00a0D\u2019une part les pays industrialis\u00e9s (Japon, Russie, Australie, UE, Etats-Unis\u2026) historiquement responsables du changement climatique.\u00a0D\u2019autre part les pays en d\u00e9veloppement et \u00e9mergents (Afrique, Am\u00e9rique du Sud, Inde, Chine\u2026) qui ne sont historiquement pas responsables du changement climatique mais qui vont de plus en plus \u00e9mettre de CO2 dans les ann\u00e9es \u00e0\u00a0venir. L\u2019\u00e9mission de CO2 est un probl\u00e8me global et le lieu d\u2019\u00e9mission du CO2, ici ou en Afrique, n\u2019a pas d\u2019influence pour le climat. Il faut donc r\u00e9duire ici et l\u00e0-bas. Contrairement aux pays en d\u00e9veloppement et \u00e9mergents, les pays industrialis\u00e9s ont d\u00e9j\u00e0 des obligations en mati\u00e8re de CO2 et les entreprises dans nos pays sont aujourd\u2019hui stimul\u00e9es \u00e0 augmenter leur efficacit\u00e9 \u00e9nerg\u00e9tique ou l\u2019utilisation d\u2019\u00e9nergie renouvelable. Il faut donc aussi soutenir les pays en d\u00e9veloppement (et \u00e9mergents) \u00e0 passer rapidement aux technologies durables (\u00e0 faible empreinte CO2) sinon nos r\u00e9ductions de CO2 ici ne seront pas suffisantes si ces pays en forte croissance \u00e9mettent de plus en plus, ce qui affectera n\u00e9gativement notre climat. Pour plus d\u2019information :\u00a0<a href=\"http:\/\/unfccc.int\/2860.php\">www.unfccc.int<\/a> <strong>Pourquoi pas ici ?<\/strong> Voir r\u00e9ponse pr\u00e9c\u00e9dente, parce qu\u2019ici il y a d\u00e9j\u00e0 des obligations, et donc tout effort volontaire qui n\u2019est pas d\u00e9compt\u00e9 des \u00e9missions au niveau national (et donc pas allou\u00e9 \u00e0 votre entit\u00e9) sera attribu\u00e9 aux entit\u00e9s qui ont des obligations (les R\u00e9gions et le f\u00e9d\u00e9ral en Belgique). Il n\u2019y a pas de cr\u00e9dits carbone\/compensation CO2 (pour utilisation volontaire) issu de la Belgique puisque chaque r\u00e9duction additionnelle est d\u00e9j\u00e0 valoris\u00e9e par les entit\u00e9s publiques et qu\u2019octroyer des cr\u00e9dits en plus reviendrait \u00e0 comptabiliser deux fois la m\u00eame r\u00e9duction. Seule la mise en place du m\u00e9canisme de mise en \u0153uvre conjointe aurait pu permettre d\u2019\u00e9viter ce risque de double comptage des r\u00e9ductions mais en Belgique ce m\u00e9canisme n\u2019a pas \u00e9t\u00e9 mis en \u0153uvre par les autorit\u00e9s publiques. <strong>Pourquoi est-ce important de compenser ?<\/strong> La compensation CO2 est importante car elle permet :<\/p>\n<ul>\n<li>\u00e0 tout le monde de prendre conscience de son impact climatique;<\/li>\n<li>\u00e0 tout le monde de participer sous diff\u00e9rentes formes et selon ses moyens sans aucune obligation (d\u00e9placements en voiture, chauffage de son domicile, d\u00e9placements en avion\u2026);<\/li>\n<li>d\u2019aller plus loin comme outil compl\u00e9mentaire aux deux premi\u00e8res \u00e9tapes, le calcul et la r\u00e9duction de CO2. Gr\u00e2ce \u00e0 la compensation CO2 on peut \u00e9ventuellement atteindre la neutralit\u00e9 en CO2.<\/li>\n<\/ul>\n<p><strong>Pourquoi avoir choisi CO2logic ?<\/strong> Qui est CO2logic ? CO2logic est une organisation sp\u00e9cialis\u00e9e dans le calcul, la r\u00e9duction et la compensation des \u00e9missions de CO2. Elle compte une \u00e9quipe de 6 personnes d\u00e9vou\u00e9es et passionn\u00e9es par leur m\u00e9tier. Cette passion et cette rigueur se sont traduites par de nombreuses r\u00e9compenses : BNP Paribas &#8211; Young Entrepreneurs Award 2007, Finaliste du Energy &amp; Environment Awards 2008, Finaliste du Best Innovator Award 2009 organis\u00e9 par l\u2019Ecole Solvay et AT Kearney. CO2logic est le pionnier de la compensation CO2 en Belgique depuis 2006. Une \u00e9tude ind\u00e9pendante d\u2019InterEnvironnementWallonie\/ULB a reconnu CO2logic comme la soci\u00e9t\u00e9 belge de compensation de CO2 la plus recommand\u00e9e en Belgique. CO2logic est aussi la seule soci\u00e9t\u00e9 de compensation \u00e0 \u00eatre certifi\u00e9e par Forum Ethibel. Par conviction et pour \u00eatre cons\u00e9quent l\u2019\u00e9quipe de CO2logic se d\u00e9place et se rend chez ses clients en v\u00e9lo pliable combin\u00e9 \u00e0 l\u2019utilisation des transports publics. <strong>N\u2019est-ce pas un moyen de se donner bonne conscience\u00a0?<\/strong> Si l\u2019on doit de toute fa\u00e7on prendre un vol, de rouler en voiture, de cuisiner, d\u2019envoyer un lettre ou un e-mail c\u2019est mieux de le compenser que de ne rien faire. Votre contribution sert \u00e0 r\u00e9duire des tonnes de CO2 dans des pays en d\u00e9veloppement, \u00e9quivalents \u00e0 ce que vous \u00e9mettez lors du vol, de votre d\u00e9placement en voiture, du repas cuisin\u00e9, de la lettre ou l\u2019e-mail envoy\u00e9. Ces r\u00e9ductions dans ces pays en d\u00e9veloppements n\u2019auraient pas lieu sans votre contribution. <strong>Qui compense d\u00e9j\u00e0 ses \u00e9missions de CO2\u00a0?<\/strong> Il y a une demande croissante pour plus de transparence quant \u00e0 l\u2019impact climatique des entreprises qui nous entourent ou qui nous offres des produits et services. De plus en plus d\u2019entreprises et de personnes souhaitent r\u00e9duire l\u2019impact climatique de leurs usines, bureaux, d\u00e9placements, service ou produits. Beaucoup de personnalit\u00e9s (du monde du show-business, de la politique, du monde des affaires), mais aussi de plus en plus de particuliers anonymes conscients de leur impact climatique et d\u00e9sireux d\u2019agir pour prot\u00e9ger le climat.<\/p>\n<div><strong>Qu\u2019est-ce qui vous garantit que les projets s\u00e9lectionn\u00e9s aboutiront\u00a0?<\/strong><\/div>\n<p>Pour bpost nous ne proposons que des projets qui ont abouti et qui sont certifi\u00e9s par Gold Standard et\/ou les Nations Unies (UNFCCC). En soutenant ces projets durables d\u2019autres pourront voir le jour. <strong>Pourquoi utilisez-vous uniquement des projets certifi\u00e9s par les Nations Unies (UNFCCC) et\/ou Gold Standard\u00a0?<\/strong> Ces standards internationaux sont reconnus dans le monde entier et offrent la plus grande garantie que les compensations de CO2 sont de qualit\u00e9. Pour plus d\u2019informations\u00a0: <a href=\"http:\/\/www.cdmgoldstandard.org\/\">www.cdmgoldstandard.org<\/a> et\u00a0<a href=\"http:\/\/unfccc.int\/2860.php\">www.unfccc.int<\/a> <strong>Quels sont les projets soutenus\u00a0?<\/strong> Les projets que bpost &amp; CO2logic soutiennent sont des projets de r\u00e9duction de CO2 certifi\u00e9s par les Nations Unies (UNFCCC) et\/ou Gold Standard. Les projets que nous soutenons ont non seulement un aspect r\u00e9duction de CO2 (climat) mais aussi des avantages socio-\u00e9conomiques pour la population locale.<\/p>\n","protected":false},"excerpt":{"rendered":"<p>&nbsp; Lerner Engineering agit de mani\u00e8re durable\u00a0\u00a0 Entreprendre de mani\u00e8re socialement responsable fait partie intrins\u00e8que de la strat\u00e9gie de base pour Jo Lerner. Une des cons\u00e9quences est que Lerner Engineering se veut \u00eatre une organisation sans impact climatique. L\u2019organisation CO2 Logic calcule notre impact climatologique. Grace \u00e0 notre contribution financi\u00e8re, CO2 Logic\u00a0compense nos \u00e9missions \u00e0 effet de serre via des projets technologiques dans les pays en voie de d\u00e9veloppement. Ces projets se r\u00e9alisent en partenariat avec des acteurs locaux et [&hellip;]<\/p>\n","protected":false},"author":3,"featured_media":0,"parent":0,"menu_order":0,"comment_status":"closed","ping_status":"closed","template":"","meta":{"footnotes":""},"class_list":["post-393","page","type-page","status-publish","hentry"],"_links":{"self":[{"href":"https:\/\/www.lernerengineering.be\/fr\/wp-json\/wp\/v2\/pages\/393","targetHints":{"allow":["GET"]}}],"collection":[{"href":"https:\/\/www.lernerengineering.be\/fr\/wp-json\/wp\/v2\/pages"}],"about":[{"href":"https:\/\/www.lernerengineering.be\/fr\/wp-json\/wp\/v2\/types\/page"}],"author":[{"embeddable":true,"href":"https:\/\/www.lernerengineering.be\/fr\/wp-json\/wp\/v2\/users\/3"}],"replies":[{"embeddable":true,"href":"https:\/\/www.lernerengineering.be\/fr\/wp-json\/wp\/v2\/comments?post=393"}],"version-history":[{"count":23,"href":"https:\/\/www.lernerengineering.be\/fr\/wp-json\/wp\/v2\/pages\/393\/revisions"}],"predecessor-version":[{"id":2004,"href":"https:\/\/www.lernerengineering.be\/fr\/wp-json\/wp\/v2\/pages\/393\/revisions\/2004"}],"wp:attachment":[{"href":"https:\/\/www.lernerengineering.be\/fr\/wp-json\/wp\/v2\/media?parent=393"}],"curies":[{"name":"wp","href":"https:\/\/api.w.org\/{rel}","templated":true}]}}