{"id":385,"date":"2012-03-08T13:29:39","date_gmt":"2012-03-08T13:29:39","guid":{"rendered":"https:\/\/www.lernerengineering.be\/en\/?page_id=385"},"modified":"2017-06-23T11:03:48","modified_gmt":"2017-06-23T09:03:48","slug":"u-bent-een-mens-2","status":"publish","type":"page","link":"https:\/\/www.lernerengineering.be\/fr\/kandidaten\/u-bent-een-mens-2\/","title":{"rendered":"Vous \u00eates une personne"},"content":{"rendered":"<p>&nbsp;<\/p>\n<h1>Lerner Engineering vous traite comme un \u00eatre humain<\/h1>\n<p>Chez nous, vous n\u2019\u00eates pas un num\u00e9ro. Nous entretenons une discussion ouverte avec vous pour d\u00e9terminer quelle fonction aupr\u00e8s de quel client vous convient le mieux.<\/p>\n<p>Nous \u00e9valuons votre expertise technique, mais \u00e9galement des \u00e9l\u00e9ments comme votre attitude, votre motivation, votre flexibilit\u00e9, &#8230;<\/p>\n","protected":false},"excerpt":{"rendered":"<p>&nbsp; Lerner Engineering vous traite comme un \u00eatre humain Chez nous, vous n\u2019\u00eates pas un num\u00e9ro. Nous entretenons une discussion ouverte avec vous pour d\u00e9terminer quelle fonction aupr\u00e8s de quel client vous convient le mieux. Nous \u00e9valuons votre expertise technique, mais \u00e9galement des \u00e9l\u00e9ments comme votre attitude, votre motivation, votre flexibilit\u00e9, &#8230;<\/p>\n","protected":false},"author":3,"featured_media":0,"parent":55,"menu_order":0,"comment_status":"open","ping_status":"closed","template":"2-Columns-Reversed-No-Footer.php","meta":{"footnotes":""},"class_list":["post-385","page","type-page","status-publish","hentry"],"_links":{"self":[{"href":"https:\/\/www.lernerengineering.be\/fr\/wp-json\/wp\/v2\/pages\/385","targetHints":{"allow":["GET"]}}],"collection":[{"href":"https:\/\/www.lernerengineering.be\/fr\/wp-json\/wp\/v2\/pages"}],"about":[{"href":"https:\/\/www.lernerengineering.be\/fr\/wp-json\/wp\/v2\/types\/page"}],"author":[{"embeddable":true,"href":"https:\/\/www.lernerengineering.be\/fr\/wp-json\/wp\/v2\/users\/3"}],"replies":[{"embeddable":true,"href":"https:\/\/www.lernerengineering.be\/fr\/wp-json\/wp\/v2\/comments?post=385"}],"version-history":[{"count":1,"href":"https:\/\/www.lernerengineering.be\/fr\/wp-json\/wp\/v2\/pages\/385\/revisions"}],"predecessor-version":[{"id":1900,"href":"https:\/\/www.lernerengineering.be\/fr\/wp-json\/wp\/v2\/pages\/385\/revisions\/1900"}],"up":[{"embeddable":true,"href":"https:\/\/www.lernerengineering.be\/fr\/wp-json\/wp\/v2\/pages\/55"}],"wp:attachment":[{"href":"https:\/\/www.lernerengineering.be\/fr\/wp-json\/wp\/v2\/media?parent=385"}],"curies":[{"name":"wp","href":"https:\/\/api.w.org\/{rel}","templated":true}]}}