{"id":350,"date":"2012-03-08T10:44:02","date_gmt":"2012-03-08T10:44:02","guid":{"rendered":"https:\/\/www.lernerengineering.be\/en\/?page_id=350"},"modified":"2017-06-23T10:58:57","modified_gmt":"2017-06-23T08:58:57","slug":"doelstelling-en-voordelen","status":"publish","type":"page","link":"https:\/\/www.lernerengineering.be\/fr\/bedrijven\/doelstelling-en-voordelen\/","title":{"rendered":"Les avantages"},"content":{"rendered":"<h1>Quel est notre but ?<\/h1>\n<p>Le <strong>but<\/strong> de Lerner Engineering est de trouver <strong>le candidat qui convient pour votre projet<\/strong>. Nous g\u00e9n\u00e9rons un <strong>valeur ajout\u00e9e<\/strong> importante gr\u00e2ce au fait que nous tenons compte non seulement des facteurs techniques, mais \u00e9galement des aspects non-techniques, tel que l\u2019attitude, la motivation, le caract\u00e8re, la flexibilit\u00e9, la connaissance de langues, la mobilit\u00e9, &#8230;<\/p>\n<h1>Quels sont les avantages d\u2019utiliser Lerner Engineering ?<\/h1>\n<ul>\n<li>Jo Lerner est <strong>ing\u00e9nieur de formation<\/strong>. C\u2019est lui-m\u00eame qui va \u00e0 la recherche d\u2019ing\u00e9nieurs et de techniciens, la meilleure mani\u00e8re de trouver les personnes les plus valables pour une fonction<\/li>\n<li>Lerner Engineering focalise sur la <strong>qualit\u00e9<\/strong> plut\u00f4t que la quantit\u00e9<\/li>\n<li>Plus de <strong>15 ans d\u2019exp\u00e9rience<\/strong> dans le domaine de la sous-traitance en ing\u00e9nierie<\/li>\n<li>Un <strong>large r\u00e9seau<\/strong> de candidats<\/li>\n<li>Non seulement les connaissances techniques du candidat sont prises en compte, mais \u00e9galement l\u2019attitude, la flexibilit\u00e9, la dynamique. Celles-ci doivent correspondre \u00e0 votre <strong>culture d\u2019entreprise<\/strong><\/li>\n<li>Lerner Engineering est un des seuls bureaux belges, avec un traitement \u00e9gal de tous les candidats et clients<\/li>\n<li><strong>L\u2019approche humaine<\/strong> est tr\u00e8s importante pour nous. Les candidats recoivent le sentiment d\u2019\u00eatre unique<\/li>\n<li>Les candidats d\u00e9sirant am\u00e9liorer leurs <strong>connaissances et comp\u00e9tences<\/strong> trouvent chez nous un soutien<\/li>\n<\/ul>\n","protected":false},"excerpt":{"rendered":"<p>Quel est notre but ? Le but de Lerner Engineering est de trouver le candidat qui convient pour votre projet. Nous g\u00e9n\u00e9rons un valeur ajout\u00e9e importante gr\u00e2ce au fait que nous tenons compte non seulement des facteurs techniques, mais \u00e9galement des aspects non-techniques, tel que l\u2019attitude, la motivation, le caract\u00e8re, la flexibilit\u00e9, la connaissance de langues, la mobilit\u00e9, &#8230; Quels sont les avantages d\u2019utiliser Lerner Engineering ? Jo Lerner est ing\u00e9nieur de formation. C\u2019est lui-m\u00eame qui va \u00e0 la recherche [&hellip;]<\/p>\n","protected":false},"author":3,"featured_media":0,"parent":52,"menu_order":0,"comment_status":"open","ping_status":"closed","template":"2-Columns-Reversed-No-Footer.php","meta":{"footnotes":""},"class_list":["post-350","page","type-page","status-publish","hentry"],"_links":{"self":[{"href":"https:\/\/www.lernerengineering.be\/fr\/wp-json\/wp\/v2\/pages\/350","targetHints":{"allow":["GET"]}}],"collection":[{"href":"https:\/\/www.lernerengineering.be\/fr\/wp-json\/wp\/v2\/pages"}],"about":[{"href":"https:\/\/www.lernerengineering.be\/fr\/wp-json\/wp\/v2\/types\/page"}],"author":[{"embeddable":true,"href":"https:\/\/www.lernerengineering.be\/fr\/wp-json\/wp\/v2\/users\/3"}],"replies":[{"embeddable":true,"href":"https:\/\/www.lernerengineering.be\/fr\/wp-json\/wp\/v2\/comments?post=350"}],"version-history":[{"count":1,"href":"https:\/\/www.lernerengineering.be\/fr\/wp-json\/wp\/v2\/pages\/350\/revisions"}],"predecessor-version":[{"id":1893,"href":"https:\/\/www.lernerengineering.be\/fr\/wp-json\/wp\/v2\/pages\/350\/revisions\/1893"}],"up":[{"embeddable":true,"href":"https:\/\/www.lernerengineering.be\/fr\/wp-json\/wp\/v2\/pages\/52"}],"wp:attachment":[{"href":"https:\/\/www.lernerengineering.be\/fr\/wp-json\/wp\/v2\/media?parent=350"}],"curies":[{"name":"wp","href":"https:\/\/api.w.org\/{rel}","templated":true}]}}