{"id":166,"date":"2012-02-28T12:56:21","date_gmt":"2012-02-28T12:56:21","guid":{"rendered":"https:\/\/www.lernerengineering.be\/?page_id=166"},"modified":"2017-06-23T11:04:58","modified_gmt":"2017-06-23T09:04:58","slug":"testimonials","status":"publish","type":"page","link":"https:\/\/www.lernerengineering.be\/fr\/kandidaten\/testimonials\/","title":{"rendered":"T\u00e9moignages de collaborateurs"},"content":{"rendered":"<p>&nbsp;<\/p>\n<h1><strong>Des collaborateurs nous racontent pourqoi ils choisissent la sous-traitance<\/strong><\/h1>\n<p><a href=\"https:\/\/www.lernerengineering.be\/wp-content\/uploads\/2012\/07\/Testimonial-Hilke-FR-1111301.pdf\"><span style=\"text-decoration: underline;\">Le projectsourcing ouvre des portes aux jeunes dipl\u00f4m\u00e9s<\/span><\/a><\/p>\n<p><a href=\"https:\/\/www.lernerengineering.be\/wp-content\/uploads\/2012\/07\/Testimonial-Wim-FR-111130.pdf\"><span style=\"text-decoration: underline;\">De nouvelles opportunit\u00e9s pour les plus de 50 ans<\/span><\/a><\/p>\n<p><a href=\"https:\/\/www.lernerengineering.be\/wp-content\/uploads\/2012\/07\/Testimonial-Koen-FR-111130.pdf\"><span style=\"text-decoration: underline;\">\u00ab J\u2019opte d\u00e9lib\u00e9r\u00e9ment pour le changement et pour un travail vari\u00e9, combin\u00e9 avec la stabilit\u00e9 d\u2019un contrat fixe. \u00bb<\/span><\/a><\/p>\n","protected":false},"excerpt":{"rendered":"<p>&nbsp; Des collaborateurs nous racontent pourqoi ils choisissent la sous-traitance Le projectsourcing ouvre des portes aux jeunes dipl\u00f4m\u00e9s De nouvelles opportunit\u00e9s pour les plus de 50 ans \u00ab J\u2019opte d\u00e9lib\u00e9r\u00e9ment pour le changement et pour un travail vari\u00e9, combin\u00e9 avec la stabilit\u00e9 d\u2019un contrat fixe. \u00bb<\/p>\n","protected":false},"author":3,"featured_media":0,"parent":55,"menu_order":3,"comment_status":"open","ping_status":"closed","template":"2-Columns-Reversed-No-Footer.php","meta":{"footnotes":""},"class_list":["post-166","page","type-page","status-publish","hentry"],"_links":{"self":[{"href":"https:\/\/www.lernerengineering.be\/fr\/wp-json\/wp\/v2\/pages\/166","targetHints":{"allow":["GET"]}}],"collection":[{"href":"https:\/\/www.lernerengineering.be\/fr\/wp-json\/wp\/v2\/pages"}],"about":[{"href":"https:\/\/www.lernerengineering.be\/fr\/wp-json\/wp\/v2\/types\/page"}],"author":[{"embeddable":true,"href":"https:\/\/www.lernerengineering.be\/fr\/wp-json\/wp\/v2\/users\/3"}],"replies":[{"embeddable":true,"href":"https:\/\/www.lernerengineering.be\/fr\/wp-json\/wp\/v2\/comments?post=166"}],"version-history":[{"count":2,"href":"https:\/\/www.lernerengineering.be\/fr\/wp-json\/wp\/v2\/pages\/166\/revisions"}],"predecessor-version":[{"id":1901,"href":"https:\/\/www.lernerengineering.be\/fr\/wp-json\/wp\/v2\/pages\/166\/revisions\/1901"}],"up":[{"embeddable":true,"href":"https:\/\/www.lernerengineering.be\/fr\/wp-json\/wp\/v2\/pages\/55"}],"wp:attachment":[{"href":"https:\/\/www.lernerengineering.be\/fr\/wp-json\/wp\/v2\/media?parent=166"}],"curies":[{"name":"wp","href":"https:\/\/api.w.org\/{rel}","templated":true}]}}