{"id":160,"date":"2012-02-28T12:53:57","date_gmt":"2012-02-28T12:53:57","guid":{"rendered":"https:\/\/www.lernerengineering.be\/?page_id=160"},"modified":"2017-06-23T11:02:28","modified_gmt":"2017-06-23T09:02:28","slug":"testimonials","status":"publish","type":"page","link":"https:\/\/www.lernerengineering.be\/fr\/bedrijven\/testimonials\/","title":{"rendered":"T\u00e9moignages"},"content":{"rendered":"<p><a href=\"https:\/\/www.lernerengineering.be\/wp-content\/uploads\/2012\/07\/Testimonial-Hilke-FR-1111301.pdf\"><span style=\"text-decoration: underline;\">Le projectsourcing ouvre des portes aux jeunes dipl\u00f4m\u00e9s<\/span><\/a><\/p>\n<p><a href=\"https:\/\/www.lernerengineering.be\/wp-content\/uploads\/2012\/07\/Testimonial-Wim-FR-111130.pdf\"><span style=\"text-decoration: underline;\">De nouvelles opportunit\u00e9s pour les plus de 50 ans<\/span><\/a><\/p>\n<p><a href=\"https:\/\/www.lernerengineering.be\/wp-content\/uploads\/2012\/07\/Testimonial-Koen-FR-111130.pdf\"><span style=\"text-decoration: underline;\">\u00ab J\u2019opte d\u00e9lib\u00e9r\u00e9ment pour le changement et pour un travail vari\u00e9, combin\u00e9 avec la stabilit\u00e9 d\u2019un contrat fixe. \u00bb<\/span><\/a><\/p>\n","protected":false},"excerpt":{"rendered":"<p>Le projectsourcing ouvre des portes aux jeunes dipl\u00f4m\u00e9s De nouvelles opportunit\u00e9s pour les plus de 50 ans \u00ab J\u2019opte d\u00e9lib\u00e9r\u00e9ment pour le changement et pour un travail vari\u00e9, combin\u00e9 avec la stabilit\u00e9 d\u2019un contrat fixe. \u00bb<\/p>\n","protected":false},"author":3,"featured_media":0,"parent":52,"menu_order":7,"comment_status":"open","ping_status":"closed","template":"2-Columns-Reversed-No-Footer.php","meta":{"footnotes":""},"class_list":["post-160","page","type-page","status-publish","hentry"],"_links":{"self":[{"href":"https:\/\/www.lernerengineering.be\/fr\/wp-json\/wp\/v2\/pages\/160","targetHints":{"allow":["GET"]}}],"collection":[{"href":"https:\/\/www.lernerengineering.be\/fr\/wp-json\/wp\/v2\/pages"}],"about":[{"href":"https:\/\/www.lernerengineering.be\/fr\/wp-json\/wp\/v2\/types\/page"}],"author":[{"embeddable":true,"href":"https:\/\/www.lernerengineering.be\/fr\/wp-json\/wp\/v2\/users\/3"}],"replies":[{"embeddable":true,"href":"https:\/\/www.lernerengineering.be\/fr\/wp-json\/wp\/v2\/comments?post=160"}],"version-history":[{"count":2,"href":"https:\/\/www.lernerengineering.be\/fr\/wp-json\/wp\/v2\/pages\/160\/revisions"}],"predecessor-version":[{"id":1898,"href":"https:\/\/www.lernerengineering.be\/fr\/wp-json\/wp\/v2\/pages\/160\/revisions\/1898"}],"up":[{"embeddable":true,"href":"https:\/\/www.lernerengineering.be\/fr\/wp-json\/wp\/v2\/pages\/52"}],"wp:attachment":[{"href":"https:\/\/www.lernerengineering.be\/fr\/wp-json\/wp\/v2\/media?parent=160"}],"curies":[{"name":"wp","href":"https:\/\/api.w.org\/{rel}","templated":true}]}}