{"id":156,"date":"2012-02-28T12:51:59","date_gmt":"2012-02-28T12:51:59","guid":{"rendered":"https:\/\/www.lernerengineering.be\/?page_id=156"},"modified":"2017-06-23T11:00:57","modified_gmt":"2017-06-23T09:00:57","slug":"welke-disciplines","status":"publish","type":"page","link":"https:\/\/www.lernerengineering.be\/fr\/bedrijven\/welke-disciplines\/","title":{"rendered":"Quelles disciplines ?"},"content":{"rendered":"<p>&nbsp;<\/p>\n<h1>Dans quelles disciplines sommes-nous actif ?<\/h1>\n<p>Nos collaborateurs sont actifs dans les disciplines suivantes :<\/p>\n<ul>\n<li>B\u00e2timent<\/li>\n<li>Electricit\u00e9<\/li>\n<li>Instrumentation<\/li>\n<li>Tuyauterie<\/li>\n<li>M\u00e9canique<\/li>\n<li>Charpentes m\u00e9talliques<\/li>\n<li>HVAC<\/li>\n<li>Automatisation<\/li>\n<li>S\u00e9curit\u00e9<\/li>\n<li>Technique de processus<\/li>\n<\/ul>\n","protected":false},"excerpt":{"rendered":"<p>&nbsp; Dans quelles disciplines sommes-nous actif ? Nos collaborateurs sont actifs dans les disciplines suivantes : B\u00e2timent Electricit\u00e9 Instrumentation Tuyauterie M\u00e9canique Charpentes m\u00e9talliques HVAC Automatisation S\u00e9curit\u00e9 Technique de processus<\/p>\n","protected":false},"author":3,"featured_media":0,"parent":52,"menu_order":5,"comment_status":"open","ping_status":"closed","template":"2-Columns-Reversed-No-Footer.php","meta":{"footnotes":""},"class_list":["post-156","page","type-page","status-publish","hentry"],"_links":{"self":[{"href":"https:\/\/www.lernerengineering.be\/fr\/wp-json\/wp\/v2\/pages\/156","targetHints":{"allow":["GET"]}}],"collection":[{"href":"https:\/\/www.lernerengineering.be\/fr\/wp-json\/wp\/v2\/pages"}],"about":[{"href":"https:\/\/www.lernerengineering.be\/fr\/wp-json\/wp\/v2\/types\/page"}],"author":[{"embeddable":true,"href":"https:\/\/www.lernerengineering.be\/fr\/wp-json\/wp\/v2\/users\/3"}],"replies":[{"embeddable":true,"href":"https:\/\/www.lernerengineering.be\/fr\/wp-json\/wp\/v2\/comments?post=156"}],"version-history":[{"count":1,"href":"https:\/\/www.lernerengineering.be\/fr\/wp-json\/wp\/v2\/pages\/156\/revisions"}],"predecessor-version":[{"id":1896,"href":"https:\/\/www.lernerengineering.be\/fr\/wp-json\/wp\/v2\/pages\/156\/revisions\/1896"}],"up":[{"embeddable":true,"href":"https:\/\/www.lernerengineering.be\/fr\/wp-json\/wp\/v2\/pages\/52"}],"wp:attachment":[{"href":"https:\/\/www.lernerengineering.be\/fr\/wp-json\/wp\/v2\/media?parent=156"}],"curies":[{"name":"wp","href":"https:\/\/api.w.org\/{rel}","templated":true}]}}