{"id":154,"date":"2012-02-28T12:51:04","date_gmt":"2012-02-28T12:51:04","guid":{"rendered":"https:\/\/www.lernerengineering.be\/?page_id=154"},"modified":"2020-08-27T16:01:07","modified_gmt":"2020-08-27T14:01:07","slug":"welke-functies","status":"publish","type":"page","link":"https:\/\/www.lernerengineering.be\/fr\/bedrijven\/welke-functies\/","title":{"rendered":"Quelles fonctions ?"},"content":{"rendered":"<h1>Voici quelques fonctions que Lerner Engineering peut mettre \u00e0 disposition de ses clients :<\/h1>\n<p><strong>Sur chantier:<\/strong><\/p>\n<ul>\n<li>Surveillant de chantier<\/li>\n<li>Chef de chantier<\/li>\n<li>Coordinateur de chantier<\/li>\n<li>Ing\u00e9nieur de projet<\/li>\n<li>Gestionnaire de Projets<\/li>\n<li>Technicien<\/li>\n<\/ul>\n<p><strong>Au bureau d\u2019\u00e9tudes :<\/strong><\/p>\n<ul>\n<li>Dessinateur<\/li>\n<li>Projeteur<\/li>\n<li>Ing\u00e9nieur<\/li>\n<\/ul>\n<p>La plupart de nos collaborateurs sont sp\u00e9cialis\u00e9s dans leur domaine.<\/p>\n","protected":false},"excerpt":{"rendered":"<p>Voici quelques fonctions que Lerner Engineering peut mettre \u00e0 disposition de ses clients : Sur chantier: Surveillant de chantier Chef de chantier Coordinateur de chantier Ing\u00e9nieur de projet Gestionnaire de Projets Technicien Au bureau d\u2019\u00e9tudes : Dessinateur Projeteur Ing\u00e9nieur La plupart de nos collaborateurs sont sp\u00e9cialis\u00e9s dans leur domaine.<\/p>\n","protected":false},"author":3,"featured_media":0,"parent":52,"menu_order":4,"comment_status":"open","ping_status":"closed","template":"","meta":{"footnotes":""},"class_list":["post-154","page","type-page","status-publish","hentry"],"_links":{"self":[{"href":"https:\/\/www.lernerengineering.be\/fr\/wp-json\/wp\/v2\/pages\/154","targetHints":{"allow":["GET"]}}],"collection":[{"href":"https:\/\/www.lernerengineering.be\/fr\/wp-json\/wp\/v2\/pages"}],"about":[{"href":"https:\/\/www.lernerengineering.be\/fr\/wp-json\/wp\/v2\/types\/page"}],"author":[{"embeddable":true,"href":"https:\/\/www.lernerengineering.be\/fr\/wp-json\/wp\/v2\/users\/3"}],"replies":[{"embeddable":true,"href":"https:\/\/www.lernerengineering.be\/fr\/wp-json\/wp\/v2\/comments?post=154"}],"version-history":[{"count":3,"href":"https:\/\/www.lernerengineering.be\/fr\/wp-json\/wp\/v2\/pages\/154\/revisions"}],"predecessor-version":[{"id":1981,"href":"https:\/\/www.lernerengineering.be\/fr\/wp-json\/wp\/v2\/pages\/154\/revisions\/1981"}],"up":[{"embeddable":true,"href":"https:\/\/www.lernerengineering.be\/fr\/wp-json\/wp\/v2\/pages\/52"}],"wp:attachment":[{"href":"https:\/\/www.lernerengineering.be\/fr\/wp-json\/wp\/v2\/media?parent=154"}],"curies":[{"name":"wp","href":"https:\/\/api.w.org\/{rel}","templated":true}]}}