{"id":118,"date":"2012-02-28T11:03:08","date_gmt":"2012-02-28T11:03:08","guid":{"rendered":"https:\/\/www.lernerengineering.be\/?page_id=118"},"modified":"2017-06-16T09:40:14","modified_gmt":"2017-06-16T07:40:14","slug":"onderscheid","status":"publish","type":"page","link":"https:\/\/www.lernerengineering.be\/fr\/home\/onderscheid\/","title":{"rendered":"Diff\u00e9rence"},"content":{"rendered":"<h1>En quoi Lerner Engineering se diff\u00e9rencie des autres acteurs du march\u00e9 de la sous-traitance ?<\/h1>\n<ul>\n<li>Jo Lerner est <strong>ing\u00e9nieur<\/strong> industriel de formation. Il va lui-m\u00eame\u00a0\u00e0 la recherche des profils techniques. L\u2019avantage est clair : on parle le m\u00eame langage<\/li>\n<li>Lerner Engineering est une petite entreprise qui met l\u2019accent sur la <strong>qualit\u00e9<\/strong> plut\u00f4t que sur la quantit\u00e9<\/li>\n<li><strong>Large exp\u00e9rience<\/strong> en sous-traitance technique\u00a0: Avec plus de 15 ann\u00e9es d\u2019exp\u00e9rience, Lerner Engineering est un des pionniers sur le march\u00e9 belge<\/li>\n<li><strong>Grand r\u00e9seau<\/strong> de candidats<\/li>\n<li>La technique ce n\u2019est pas tout\u00a0! Nous cherchons le <strong>candidat (H\/F)<\/strong> qui correspond au mieux \u00e0 la culture d\u2019entreprise. Nous tenons \u00e9galement compte de l\u2019attitude et du caract\u00e8re du candidat.<\/li>\n<li><strong>Approche humaine<\/strong>\u00a0: nous reconnaissons l\u2019unicit\u00e9 et les talents de chaque candidat<\/li>\n<li><strong>Formations et carri\u00e8re<\/strong>\u00a0: Lerner Engineering soutient ses collaborateurs qui souhaiteraient am\u00e9liorer leur comp\u00e9tence.<\/li>\n<\/ul>\n","protected":false},"excerpt":{"rendered":"<p>En quoi Lerner Engineering se diff\u00e9rencie des autres acteurs du march\u00e9 de la sous-traitance ? Jo Lerner est ing\u00e9nieur industriel de formation. Il va lui-m\u00eame\u00a0\u00e0 la recherche des profils techniques. L\u2019avantage est clair : on parle le m\u00eame langage Lerner Engineering est une petite entreprise qui met l\u2019accent sur la qualit\u00e9 plut\u00f4t que sur la quantit\u00e9 Large exp\u00e9rience en sous-traitance technique\u00a0: Avec plus de 15 ann\u00e9es d\u2019exp\u00e9rience, Lerner Engineering est un des pionniers sur le march\u00e9 belge Grand r\u00e9seau de [&hellip;]<\/p>\n","protected":false},"author":3,"featured_media":0,"parent":2,"menu_order":4,"comment_status":"open","ping_status":"closed","template":"2-Columns-Reversed-No-Footer.php","meta":{"footnotes":""},"class_list":["post-118","page","type-page","status-publish","hentry"],"_links":{"self":[{"href":"https:\/\/www.lernerengineering.be\/fr\/wp-json\/wp\/v2\/pages\/118","targetHints":{"allow":["GET"]}}],"collection":[{"href":"https:\/\/www.lernerengineering.be\/fr\/wp-json\/wp\/v2\/pages"}],"about":[{"href":"https:\/\/www.lernerengineering.be\/fr\/wp-json\/wp\/v2\/types\/page"}],"author":[{"embeddable":true,"href":"https:\/\/www.lernerengineering.be\/fr\/wp-json\/wp\/v2\/users\/3"}],"replies":[{"embeddable":true,"href":"https:\/\/www.lernerengineering.be\/fr\/wp-json\/wp\/v2\/comments?post=118"}],"version-history":[{"count":3,"href":"https:\/\/www.lernerengineering.be\/fr\/wp-json\/wp\/v2\/pages\/118\/revisions"}],"predecessor-version":[{"id":1886,"href":"https:\/\/www.lernerengineering.be\/fr\/wp-json\/wp\/v2\/pages\/118\/revisions\/1886"}],"up":[{"embeddable":true,"href":"https:\/\/www.lernerengineering.be\/fr\/wp-json\/wp\/v2\/pages\/2"}],"wp:attachment":[{"href":"https:\/\/www.lernerengineering.be\/fr\/wp-json\/wp\/v2\/media?parent=118"}],"curies":[{"name":"wp","href":"https:\/\/api.w.org\/{rel}","templated":true}]}}