{"id":116,"date":"2012-02-28T11:00:31","date_gmt":"2012-02-28T11:00:31","guid":{"rendered":"https:\/\/www.lernerengineering.be\/?page_id=116"},"modified":"2017-06-16T09:39:21","modified_gmt":"2017-06-16T07:39:21","slug":"waarden","status":"publish","type":"page","link":"https:\/\/www.lernerengineering.be\/fr\/home\/waarden\/","title":{"rendered":"Les valeurs"},"content":{"rendered":"<h1><strong>Quels sont les valeurs de Lerner Engineering ?<\/strong><\/h1>\n<ul>\n<li><strong>Respect et honn\u00eatet\u00e9<\/strong> envers nos collaborateurs et nos clients<\/li>\n<li>Priorit\u00e9 \u00e0<strong> l\u2019humain<\/strong><\/li>\n<li><strong>Engagement durable,<\/strong> respect pour <a title=\"CO2 neutraliteit\" href=\"https:\/\/www.lernerengineering.be\/co2-neutraliteit\/\"><span style=\"text-decoration: underline;\">l\u2019environnement, la nature et notre plan\u00e8te<\/span><\/a><\/li>\n<li>Soutien d\u2019un<strong> entrepreneuriat social responsable<\/strong><\/li>\n<li>Choix d\u2019une<strong> communication ouverte\u00a0: <\/strong>une parole donn\u00e9e est une parole re\u00e7ue<\/li>\n<li><strong>Ecoute attentive <\/strong>et partage d\u2019une analyse critique et constructive<\/li>\n<li><strong>Approche pragmatique<\/strong><\/li>\n<\/ul>\n","protected":false},"excerpt":{"rendered":"<p>Quels sont les valeurs de Lerner Engineering ? Respect et honn\u00eatet\u00e9 envers nos collaborateurs et nos clients Priorit\u00e9 \u00e0 l\u2019humain Engagement durable, respect pour l\u2019environnement, la nature et notre plan\u00e8te Soutien d\u2019un entrepreneuriat social responsable Choix d\u2019une communication ouverte\u00a0: une parole donn\u00e9e est une parole re\u00e7ue Ecoute attentive et partage d\u2019une analyse critique et constructive Approche pragmatique<\/p>\n","protected":false},"author":3,"featured_media":0,"parent":2,"menu_order":3,"comment_status":"open","ping_status":"closed","template":"2-Columns-Reversed-No-Footer.php","meta":{"footnotes":""},"class_list":["post-116","page","type-page","status-publish","hentry"],"_links":{"self":[{"href":"https:\/\/www.lernerengineering.be\/fr\/wp-json\/wp\/v2\/pages\/116","targetHints":{"allow":["GET"]}}],"collection":[{"href":"https:\/\/www.lernerengineering.be\/fr\/wp-json\/wp\/v2\/pages"}],"about":[{"href":"https:\/\/www.lernerengineering.be\/fr\/wp-json\/wp\/v2\/types\/page"}],"author":[{"embeddable":true,"href":"https:\/\/www.lernerengineering.be\/fr\/wp-json\/wp\/v2\/users\/3"}],"replies":[{"embeddable":true,"href":"https:\/\/www.lernerengineering.be\/fr\/wp-json\/wp\/v2\/comments?post=116"}],"version-history":[{"count":1,"href":"https:\/\/www.lernerengineering.be\/fr\/wp-json\/wp\/v2\/pages\/116\/revisions"}],"predecessor-version":[{"id":1884,"href":"https:\/\/www.lernerengineering.be\/fr\/wp-json\/wp\/v2\/pages\/116\/revisions\/1884"}],"up":[{"embeddable":true,"href":"https:\/\/www.lernerengineering.be\/fr\/wp-json\/wp\/v2\/pages\/2"}],"wp:attachment":[{"href":"https:\/\/www.lernerengineering.be\/fr\/wp-json\/wp\/v2\/media?parent=116"}],"curies":[{"name":"wp","href":"https:\/\/api.w.org\/{rel}","templated":true}]}}