{"id":1011,"date":"2012-06-26T13:59:07","date_gmt":"2012-06-26T11:59:07","guid":{"rendered":"https:\/\/www.lernerengineering.be\/?page_id=1011"},"modified":"2017-06-23T11:12:45","modified_gmt":"2017-06-23T09:12:45","slug":"wat-is-projectsourcing","status":"publish","type":"page","link":"https:\/\/www.lernerengineering.be\/fr\/projectsourcing\/wat-is-projectsourcing\/","title":{"rendered":"Qu\u2019est-ce la sous-traitance ?"},"content":{"rendered":"<h1>Qu\u2019est-ce la sous-traitance ?<\/h1>\n<p>La sous-traitance (projectsourcing en anglais) est la <strong>mise \u00e0 disposition de personnel<\/strong> qualifi\u00e9 aupr\u00e8s de clients dans le cadre d\u2019un <strong>projet sp\u00e9cifique<\/strong>. Nos collaborateurs peuvent \u00eatre actifs dans des <strong>bureaux d\u2019\u00e9tudes<\/strong> ou sur des <strong>chantiers<\/strong>.<\/p>\n<p>Les prestations sont factur\u00e9es \u00e0 un tarif convenu. Un sp\u00e9cialiste est mis sur un projet pour la dur\u00e9e de ce projet.<\/p>\n<p>D\u2019autres formes de service existent \u00e9galement: <a class=\"tooltips\" title=\"Un client qui cherche \u00e0 embaucher un collaborateur technique, peut utiliser la formule \u201ctry and hire\u201d. Pendant une p\u00e9riode d\u00e9finie \u00e0 l\u2019avance (par exemple 12 mois) le candidat est mis \u00e0 disposition du client. Cela permet au client d\u2019\u00e9valuer les comp\u00e9tences du candidat avant de l\u2019embaucher \u00e9ventuellement.\" href=\"#\">\u201ctry and hire\u201d<\/a> et la <a class=\"tooltips\" title=\"Un client qui embauche un candidat sans p\u00e9riode de mise \u00e0 disposition, utilise la formule de s\u00e9lection et recrutement.\" href=\"#\">\u201cselection et le recrutement\u201d <\/a><\/p>\n","protected":false},"excerpt":{"rendered":"<p>Qu\u2019est-ce la sous-traitance ? La sous-traitance (projectsourcing en anglais) est la mise \u00e0 disposition de personnel qualifi\u00e9 aupr\u00e8s de clients dans le cadre d\u2019un projet sp\u00e9cifique. Nos collaborateurs peuvent \u00eatre actifs dans des bureaux d\u2019\u00e9tudes ou sur des chantiers. Les prestations sont factur\u00e9es \u00e0 un tarif convenu. Un sp\u00e9cialiste est mis sur un projet pour la dur\u00e9e de ce projet. D\u2019autres formes de service existent \u00e9galement: \u201ctry and hire\u201d et la \u201cselection et le recrutement\u201d<\/p>\n","protected":false},"author":3,"featured_media":0,"parent":339,"menu_order":0,"comment_status":"open","ping_status":"closed","template":"2-Columns-Reversed-No-Footer.php","meta":{"footnotes":""},"class_list":["post-1011","page","type-page","status-publish","hentry"],"_links":{"self":[{"href":"https:\/\/www.lernerengineering.be\/fr\/wp-json\/wp\/v2\/pages\/1011","targetHints":{"allow":["GET"]}}],"collection":[{"href":"https:\/\/www.lernerengineering.be\/fr\/wp-json\/wp\/v2\/pages"}],"about":[{"href":"https:\/\/www.lernerengineering.be\/fr\/wp-json\/wp\/v2\/types\/page"}],"author":[{"embeddable":true,"href":"https:\/\/www.lernerengineering.be\/fr\/wp-json\/wp\/v2\/users\/3"}],"replies":[{"embeddable":true,"href":"https:\/\/www.lernerengineering.be\/fr\/wp-json\/wp\/v2\/comments?post=1011"}],"version-history":[{"count":13,"href":"https:\/\/www.lernerengineering.be\/fr\/wp-json\/wp\/v2\/pages\/1011\/revisions"}],"predecessor-version":[{"id":1911,"href":"https:\/\/www.lernerengineering.be\/fr\/wp-json\/wp\/v2\/pages\/1011\/revisions\/1911"}],"up":[{"embeddable":true,"href":"https:\/\/www.lernerengineering.be\/fr\/wp-json\/wp\/v2\/pages\/339"}],"wp:attachment":[{"href":"https:\/\/www.lernerengineering.be\/fr\/wp-json\/wp\/v2\/media?parent=1011"}],"curies":[{"name":"wp","href":"https:\/\/api.w.org\/{rel}","templated":true}]}}